{"id":169,"date":"2022-03-26T15:29:13","date_gmt":"2022-03-26T14:29:13","guid":{"rendered":"https:\/\/www.profem.at\/?page_id=169"},"modified":"2025-10-29T17:07:26","modified_gmt":"2025-10-29T16:07:26","slug":"technologie","status":"publish","type":"page","link":"https:\/\/www.profem.at\/en\/technologie\/","title":{"rendered":"Technology"},"content":{"rendered":"<div data-elementor-type=\"wp-page\" data-elementor-id=\"169\" class=\"elementor elementor-169\" data-elementor-post-type=\"page\">\n\t\t\t\t\t\t<section class=\"elementor-section elementor-top-section elementor-element elementor-element-04ded8b elementor-section-boxed elementor-section-height-default elementor-section-height-default\" data-id=\"04ded8b\" data-element_type=\"section\" data-e-type=\"section\" data-settings=\"{&quot;jet_parallax_layout_list&quot;:[]}\">\n\t\t\t\t\t\t<div class=\"elementor-container elementor-column-gap-default\">\n\t\t\t\t\t<div class=\"elementor-column elementor-col-33 elementor-top-column elementor-element elementor-element-e7c93ff\" data-id=\"e7c93ff\" data-element_type=\"column\" data-e-type=\"column\">\n\t\t\t<div class=\"elementor-widget-wrap elementor-element-populated\">\n\t\t\t\t\t\t<div class=\"elementor-element elementor-element-6c241b1 elementor-widget elementor-widget-heading\" data-id=\"6c241b1\" data-element_type=\"widget\" data-e-type=\"widget\" data-widget_type=\"heading.default\">\n\t\t\t\t\t<h2 class=\"elementor-heading-title elementor-size-default\">CANDIPLUS\u00ae\n<\/h2>\t\t\t\t<\/div>\n\t\t\t\t\t<\/div>\n\t\t<\/div>\n\t\t\t\t<div class=\"elementor-column elementor-col-66 elementor-top-column elementor-element elementor-element-88b9960\" data-id=\"88b9960\" data-element_type=\"column\" data-e-type=\"column\">\n\t\t\t<div class=\"elementor-widget-wrap elementor-element-populated\">\n\t\t\t\t\t\t<div class=\"elementor-element elementor-element-c9c32a5 elementor-widget elementor-widget-text-editor\" data-id=\"c9c32a5\" data-element_type=\"widget\" data-e-type=\"widget\" data-widget_type=\"text-editor.default\">\n\t\t\t\t\t\t\t\t\t<p><strong>Candiplus\u00ae in the treatment of vaginal mycosis<\/strong><\/p><p>ProFem's current lead product Candiplus\u00ae is a new, patent-protected drug for the local treatment of frequently recurring vaginal fungal infections. The clinical efficacy of the new combination product Candiplus\u00ae is mediated by a completely new mechanism, which is based on synergistic effects of the active ingredient components. According to the study results available to date, the onset of action is rapid and effective, while at the same time frequent relapses and chronicity are prevented.<\/p>\t\t\t\t\t\t\t\t<\/div>\n\t\t\t\t\t<\/div>\n\t\t<\/div>\n\t\t\t\t\t<\/div>\n\t\t<\/section>\n\t\t\t\t<section class=\"elementor-section elementor-top-section elementor-element elementor-element-be86831 elementor-section-boxed elementor-section-height-default elementor-section-height-default\" data-id=\"be86831\" data-element_type=\"section\" data-e-type=\"section\" data-settings=\"{&quot;background_background&quot;:&quot;classic&quot;,&quot;jet_parallax_layout_list&quot;:[]}\">\n\t\t\t\t\t\t<div class=\"elementor-container elementor-column-gap-default\">\n\t\t\t\t\t<div class=\"elementor-column elementor-col-100 elementor-top-column elementor-element elementor-element-4c52ea1\" data-id=\"4c52ea1\" data-element_type=\"column\" data-e-type=\"column\">\n\t\t\t<div class=\"elementor-widget-wrap elementor-element-populated\">\n\t\t\t\t\t\t<div class=\"elementor-element elementor-element-d581aa4 elementor-widget elementor-widget-qi_addons_for_elementor_text_marquee\" data-id=\"d581aa4\" data-element_type=\"widget\" data-e-type=\"widget\" data-widget_type=\"qi_addons_for_elementor_text_marquee.default\">\n\t\t\t\t<div class=\"elementor-widget-container\">\n\t\t\t\t\t<div class=\"qodef-shortcode qodef-m qodef-qi-text-marquee qodef-layout--default\">\n\t<div class=\"qodef-m-content\">\n\t\t<div class=\"qodef-m-text qodef-text--original\">\n\t\t\t\t\t\t\t<span class=\"qodef-m-text-item elementor-repeater-item-88aa9f4\" >+++ BREAKING NEWS +++<\/span>\n\t\t\t\t\t\t\t\t\t\t\t<span class=\"qodef-m-text-item elementor-repeater-item-d398135\" >Phase IIb-III study completed with excellent results<\/span>\n\t\t\t\t\t\t\t\t\t\t\t<span class=\"qodef-m-text-item elementor-repeater-item-c78b6f4\" >+++ BREAKING NEWS +++<\/span>\n\t\t\t\t\t\t\t\t\t\t\t<span class=\"qodef-m-text-item elementor-repeater-item-67bbdc4\" >Candiplus f\u00fcr zentrales Zulassungsverfahren von EMA zugelassen<\/span>\n\t\t\t\t\t\t\t\t\t<\/div>\n\t\t<div class=\"qodef-m-text qodef-text--copy\">\n\t\t\t\t\t\t\t<span class=\"qodef-m-text-item elementor-repeater-item-88aa9f4\" >+++ BREAKING NEWS +++<\/span>\n\t\t\t\t\t\t\t\t\t\t\t<span class=\"qodef-m-text-item elementor-repeater-item-d398135\" >Phase IIb-III study completed with excellent results<\/span>\n\t\t\t\t\t\t\t\t\t\t\t<span class=\"qodef-m-text-item elementor-repeater-item-c78b6f4\" >+++ BREAKING NEWS +++<\/span>\n\t\t\t\t\t\t\t\t\t\t\t<span class=\"qodef-m-text-item elementor-repeater-item-67bbdc4\" >Candiplus f\u00fcr zentrales Zulassungsverfahren von EMA zugelassen<\/span>\n\t\t\t\t\t\t\t\t\t<\/div>\n\t<\/div>\n<\/div>\n\t\t\t\t<\/div>\n\t\t\t\t<\/div>\n\t\t\t\t\t<\/div>\n\t\t<\/div>\n\t\t\t\t\t<\/div>\n\t\t<\/section>\n\t\t\t\t<section class=\"elementor-section elementor-top-section elementor-element elementor-element-47a074e elementor-section-boxed elementor-section-height-default elementor-section-height-default\" data-id=\"47a074e\" data-element_type=\"section\" data-e-type=\"section\" data-settings=\"{&quot;jet_parallax_layout_list&quot;:[]}\">\n\t\t\t\t\t\t<div class=\"elementor-container elementor-column-gap-default\">\n\t\t\t\t\t<div class=\"elementor-column elementor-col-33 elementor-top-column elementor-element elementor-element-0396e39\" data-id=\"0396e39\" data-element_type=\"column\" data-e-type=\"column\">\n\t\t\t<div class=\"elementor-widget-wrap elementor-element-populated\">\n\t\t\t\t\t\t<div class=\"elementor-element elementor-element-88eacb9 elementor-widget elementor-widget-heading\" data-id=\"88eacb9\" data-element_type=\"widget\" data-e-type=\"widget\" data-widget_type=\"heading.default\">\n\t\t\t\t\t<h2 class=\"elementor-heading-title elementor-size-default\">UNIQUE BENEFITS FOR PATIENTS\n<\/h2>\t\t\t\t<\/div>\n\t\t\t\t\t<\/div>\n\t\t<\/div>\n\t\t\t\t<div class=\"elementor-column elementor-col-66 elementor-top-column elementor-element elementor-element-d464dab\" data-id=\"d464dab\" data-element_type=\"column\" data-e-type=\"column\">\n\t\t\t<div class=\"elementor-widget-wrap elementor-element-populated\">\n\t\t\t\t\t\t<div class=\"elementor-element elementor-element-079a78b elementor-widget elementor-widget-text-editor\" data-id=\"079a78b\" data-element_type=\"widget\" data-e-type=\"widget\" data-widget_type=\"text-editor.default\">\n\t\t\t\t\t\t\t\t\t<p>Candiplus\u00ae shows significant advantages over currently established therapies.<\/p>\t\t\t\t\t\t\t\t<\/div>\n\t\t\t\t<div class=\"elementor-element elementor-element-db3408a elementor-widget elementor-widget-image\" data-id=\"db3408a\" data-element_type=\"widget\" data-e-type=\"widget\" data-widget_type=\"image.default\">\n\t\t\t\t\t\t\t\t\t\t\t\t\t\t\t<img fetchpriority=\"high\" decoding=\"async\" width=\"605\" height=\"503\" src=\"https:\/\/www.profem.at\/wp-content\/uploads\/2022\/03\/Download-4.png\" class=\"attachment-large size-large wp-image-171\" alt=\"\" srcset=\"https:\/\/www.profem.at\/wp-content\/uploads\/2022\/03\/Download-4.png 605w, https:\/\/www.profem.at\/wp-content\/uploads\/2022\/03\/Download-4-300x249.png 300w\" sizes=\"(max-width: 605px) 100vw, 605px\" \/>\t\t\t\t\t\t\t\t\t\t\t\t\t\t\t<\/div>\n\t\t\t\t\t<\/div>\n\t\t<\/div>\n\t\t\t\t\t<\/div>\n\t\t<\/section>\n\t\t\t\t<section class=\"elementor-section elementor-top-section elementor-element elementor-element-f4a395a elementor-section-boxed elementor-section-height-default elementor-section-height-default\" data-id=\"f4a395a\" data-element_type=\"section\" data-e-type=\"section\" data-settings=\"{&quot;jet_parallax_layout_list&quot;:[]}\">\n\t\t\t\t\t\t<div class=\"elementor-container elementor-column-gap-default\">\n\t\t\t\t\t<div class=\"elementor-column elementor-col-33 elementor-top-column elementor-element elementor-element-25363cb\" data-id=\"25363cb\" data-element_type=\"column\" data-e-type=\"column\">\n\t\t\t<div class=\"elementor-widget-wrap elementor-element-populated\">\n\t\t\t\t\t\t<div class=\"elementor-element elementor-element-80ba6ea elementor-widget elementor-widget-heading\" data-id=\"80ba6ea\" data-element_type=\"widget\" data-e-type=\"widget\" data-widget_type=\"heading.default\">\n\t\t\t\t\t<h2 class=\"elementor-heading-title elementor-size-default\">SCIENTIFIC BACKGROUND\n<\/h2>\t\t\t\t<\/div>\n\t\t\t\t\t<\/div>\n\t\t<\/div>\n\t\t\t\t<div class=\"elementor-column elementor-col-66 elementor-top-column elementor-element elementor-element-66f0238\" data-id=\"66f0238\" data-element_type=\"column\" data-e-type=\"column\">\n\t\t\t<div class=\"elementor-widget-wrap elementor-element-populated\">\n\t\t\t\t\t\t<div class=\"elementor-element elementor-element-d6f5706 elementor-widget elementor-widget-text-editor\" data-id=\"d6f5706\" data-element_type=\"widget\" data-e-type=\"widget\" data-widget_type=\"text-editor.default\">\n\t\t\t\t\t\t\t\t\t<p>Chronic inflammatory processes and the accompanying expression of cellular adhesion molecules play a central role both in the transition of harmless (saprophytic) candida spores to the disease-causing candida hyphae and in the formation of biofilms. In addition, specific resistance mechanisms develop in biofilms, which lead to the failure of conventional therapeutic approaches and subsequently to the clinical pattern of recurrent disease episodes. In Candiplus\u00ae , for the first time in the treatment of chronic fungal infections, adhesion and invasion are specifically blocked, resistance mechanisms in the biofilm are overcome and the interaction between microorganism and host is normalized.<\/p>\t\t\t\t\t\t\t\t<\/div>\n\t\t\t\t<div class=\"elementor-element elementor-element-cffa7cf elementor-widget elementor-widget-image\" data-id=\"cffa7cf\" data-element_type=\"widget\" data-e-type=\"widget\" data-widget_type=\"image.default\">\n\t\t\t\t\t\t\t\t\t\t\t\t\t\t\t<img decoding=\"async\" width=\"800\" height=\"450\" src=\"https:\/\/www.profem.at\/wp-content\/uploads\/2022\/03\/Download-5-1024x576.png\" class=\"attachment-large size-large wp-image-172\" alt=\"\" srcset=\"https:\/\/www.profem.at\/wp-content\/uploads\/2022\/03\/Download-5-1024x576.png 1024w, https:\/\/www.profem.at\/wp-content\/uploads\/2022\/03\/Download-5-300x169.png 300w, https:\/\/www.profem.at\/wp-content\/uploads\/2022\/03\/Download-5-768x432.png 768w, https:\/\/www.profem.at\/wp-content\/uploads\/2022\/03\/Download-5.png 1280w\" sizes=\"(max-width: 800px) 100vw, 800px\" \/>\t\t\t\t\t\t\t\t\t\t\t\t\t\t\t<\/div>\n\t\t\t\t<div class=\"elementor-element elementor-element-f64426b elementor-widget elementor-widget-text-editor\" data-id=\"f64426b\" data-element_type=\"widget\" data-e-type=\"widget\" data-widget_type=\"text-editor.default\">\n\t\t\t\t\t\t\t\t\t<div class=\"twotext profem-typo twotext-33-66\"><div class=\"twotext-inner\"><div class=\"twotext-col\"><p>After the transition to the expansive growth form, the Candida yeast continuously produces inflammatory mediators with which the disease-causing process is constantly maintained. Conventional drugs that attack fungal growth temporarily inhibit the disease by suppressing fungal growth, but usually do not lead to complete regression of the microorganism to its initial saprophytic (peaceful) state. Candiplus\u00ae is the first drug worldwide to treat chronic infections causally and comprehensively. It is unique in its mode of action and has no comparable competitor. The implementation of this concept in Candiplus\u00ae thus results in a first-in-class drug.<\/p><\/div><\/div><\/div><div class=\"twotext profem-typo twotext-33-66\"><div class=\"twotext-inner\"><div class=\"twotext-col\">\u00a0<\/div><\/div><\/div>\t\t\t\t\t\t\t\t<\/div>\n\t\t\t\t\t<\/div>\n\t\t<\/div>\n\t\t\t\t\t<\/div>\n\t\t<\/section>\n\t\t\t\t<section class=\"elementor-section elementor-top-section elementor-element elementor-element-df6e60e elementor-section-boxed elementor-section-height-default elementor-section-height-default\" data-id=\"df6e60e\" data-element_type=\"section\" data-e-type=\"section\" data-settings=\"{&quot;jet_parallax_layout_list&quot;:[]}\">\n\t\t\t\t\t\t<div class=\"elementor-container elementor-column-gap-default\">\n\t\t\t\t\t<div class=\"elementor-column elementor-col-33 elementor-top-column elementor-element elementor-element-3893f87\" data-id=\"3893f87\" data-element_type=\"column\" data-e-type=\"column\">\n\t\t\t<div class=\"elementor-widget-wrap elementor-element-populated\">\n\t\t\t\t\t\t<div class=\"elementor-element elementor-element-65ff9d0 elementor-widget elementor-widget-heading\" data-id=\"65ff9d0\" data-element_type=\"widget\" data-e-type=\"widget\" data-widget_type=\"heading.default\">\n\t\t\t\t\t<h2 class=\"elementor-heading-title elementor-size-default\">CHRONIC VAGINAL FUNGUS\n<\/h2>\t\t\t\t<\/div>\n\t\t\t\t<div class=\"elementor-element elementor-element-825f019 elementor-widget elementor-widget-text-editor\" data-id=\"825f019\" data-element_type=\"widget\" data-e-type=\"widget\" data-widget_type=\"text-editor.default\">\n\t\t\t\t\t\t\t\t\t<div class=\"twotext-col\"><h4>An unsolved medical problem<\/h4><\/div>\t\t\t\t\t\t\t\t<\/div>\n\t\t\t\t\t<\/div>\n\t\t<\/div>\n\t\t\t\t<div class=\"elementor-column elementor-col-66 elementor-top-column elementor-element elementor-element-13cb609\" data-id=\"13cb609\" data-element_type=\"column\" data-e-type=\"column\">\n\t\t\t<div class=\"elementor-widget-wrap elementor-element-populated\">\n\t\t\t\t\t\t<div class=\"elementor-element elementor-element-50a3164 elementor-widget elementor-widget-text-editor\" data-id=\"50a3164\" data-element_type=\"widget\" data-e-type=\"widget\" data-widget_type=\"text-editor.default\">\n\t\t\t\t\t\t\t\t\t<p>Hundreds of millions of women worldwide suffer from sporadic episodes of vaginal yeast infections (VVC). The incidence of this condition is reported to be 25-40 % of the female population aged 15-65.<sup>1<\/sup><\/p><p>However, about 6 % (3 - 8%) of all women in this age group suffer frequently (several times per year) or chronically from such fungal infections (recurrent vulvovaginal candidiasis, RVVC). This corresponds to a total number of about 150 million women.<sup>2<\/sup><\/p><p>The recurrent\/chronic course of this disease is associated with severe impairment of subjective well-being and currently has no sustainable cure.<sup>3<\/sup>\u00a0The quality of life of the affected women is therefore massively restricted - often for years. Therapeutic options have not expanded over the decades. In particular, therapeutic approaches to date have not taken into account the fact that chronic recurrent vulvovaginal candidiasis is a biofilm-associated disease, whereby novel resistance mechanisms develop and conventional therapeutic strategies are only partially effective.<\/p>\t\t\t\t\t\t\t\t<\/div>\n\t\t\t\t<div class=\"elementor-element elementor-element-5ff2721 elementor-widget elementor-widget-text-editor\" data-id=\"5ff2721\" data-element_type=\"widget\" data-e-type=\"widget\" data-widget_type=\"text-editor.default\">\n\t\t\t\t\t\t\t\t\t<p><sup>1<\/sup>\u00a0Foxman et al (2013) Am Soc Col Cer Path, 17(3):340-45.<br \/><sup>2<\/sup>\u00a0Denning et al, Global prevalence of recurrent and chronic vulvovaginal candidiasis, www.ecsmid.org<br \/><sup>3<\/sup>\u00a0Samuel Aball\u00e9a, Florent Guelfucci, et al, Subjective health status and health-related quality of life among women with Recurrent Vulvovaginal Candidosis (RVVC) in Europe and the USA; Health and Quality of Life Outcomes 2013 11:169.\u00a0<a href=\"https:\/\/doi.org\/10.1186\/1477-7525-11-169\" target=\"_blank\" rel=\"noopener\">doi.org\/10.1186\/1477-7525-11-169<\/a>; \u00a9 Aball\u00e9a et al.; licensee BioMed Central Ltd. 2013<\/p>\t\t\t\t\t\t\t\t<\/div>\n\t\t\t\t\t<\/div>\n\t\t<\/div>\n\t\t\t\t\t<\/div>\n\t\t<\/section>\n\t\t\t\t<section class=\"elementor-section elementor-top-section elementor-element elementor-element-3920380 elementor-section-boxed elementor-section-height-default elementor-section-height-default\" data-id=\"3920380\" data-element_type=\"section\" data-e-type=\"section\" data-settings=\"{&quot;jet_parallax_layout_list&quot;:[]}\">\n\t\t\t\t\t\t<div class=\"elementor-container elementor-column-gap-default\">\n\t\t\t\t\t<div class=\"elementor-column elementor-col-33 elementor-top-column elementor-element elementor-element-b524bf0\" data-id=\"b524bf0\" data-element_type=\"column\" data-e-type=\"column\">\n\t\t\t<div class=\"elementor-widget-wrap elementor-element-populated\">\n\t\t\t\t\t\t<div class=\"elementor-element elementor-element-60a4b9d elementor-widget elementor-widget-heading\" data-id=\"60a4b9d\" data-element_type=\"widget\" data-e-type=\"widget\" data-widget_type=\"heading.default\">\n\t\t\t\t\t<h2 class=\"elementor-heading-title elementor-size-default\">PIPELINE<\/h2>\t\t\t\t<\/div>\n\t\t\t\t\t<\/div>\n\t\t<\/div>\n\t\t\t\t<div class=\"elementor-column elementor-col-66 elementor-top-column elementor-element elementor-element-69fc652\" data-id=\"69fc652\" data-element_type=\"column\" data-e-type=\"column\">\n\t\t\t<div class=\"elementor-widget-wrap elementor-element-populated\">\n\t\t\t\t\t\t<div class=\"elementor-element elementor-element-01a28b9 elementor-widget elementor-widget-image\" data-id=\"01a28b9\" data-element_type=\"widget\" data-e-type=\"widget\" data-widget_type=\"image.default\">\n\t\t\t\t\t\t\t\t\t\t\t\t\t\t\t<img decoding=\"async\" width=\"663\" height=\"409\" src=\"https:\/\/www.profem.at\/wp-content\/uploads\/2022\/03\/Download-6.png\" class=\"attachment-large size-large wp-image-176\" alt=\"\" srcset=\"https:\/\/www.profem.at\/wp-content\/uploads\/2022\/03\/Download-6.png 663w, https:\/\/www.profem.at\/wp-content\/uploads\/2022\/03\/Download-6-300x185.png 300w\" sizes=\"(max-width: 663px) 100vw, 663px\" \/>\t\t\t\t\t\t\t\t\t\t\t\t\t\t\t<\/div>\n\t\t\t\t\t<\/div>\n\t\t<\/div>\n\t\t\t\t\t<\/div>\n\t\t<\/section>\n\t\t\t\t<\/div>","protected":false},"excerpt":{"rendered":"<p>CANDIPLUS\u00ae Candiplus\u00ae in der Behandlung vaginaler Pilzerkrankungen ProFem&#8217;s derzeitiges Leadprodukt Candiplus\u00ae ist ein neues, patentgesch\u00fctztes Medikament zur lokalen Behandlung h\u00e4ufig wiederkehrender Scheidenpilzinfektionen. Die klinische Wirksamkeit des neuen Kombinationspr\u00e4parates Candiplus\u00ae wird durch einen v\u00f6llig neuen Mechanismus, welcher auf synergistischen Effekten der Wirkstoffkomponenten beruht, vermittelt. Nach den bisher vorliegenden Studienergebnissen erfolgt der Wirkungseintritt rasch und effektiv, zugleich [&hellip;]<\/p>\n","protected":false},"author":1,"featured_media":0,"parent":0,"menu_order":0,"comment_status":"closed","ping_status":"closed","template":"","meta":{"footnotes":""},"class_list":["post-169","page","type-page","status-publish","hentry"],"_links":{"self":[{"href":"https:\/\/www.profem.at\/en\/wp-json\/wp\/v2\/pages\/169","targetHints":{"allow":["GET"]}}],"collection":[{"href":"https:\/\/www.profem.at\/en\/wp-json\/wp\/v2\/pages"}],"about":[{"href":"https:\/\/www.profem.at\/en\/wp-json\/wp\/v2\/types\/page"}],"author":[{"embeddable":true,"href":"https:\/\/www.profem.at\/en\/wp-json\/wp\/v2\/users\/1"}],"replies":[{"embeddable":true,"href":"https:\/\/www.profem.at\/en\/wp-json\/wp\/v2\/comments?post=169"}],"version-history":[{"count":0,"href":"https:\/\/www.profem.at\/en\/wp-json\/wp\/v2\/pages\/169\/revisions"}],"wp:attachment":[{"href":"https:\/\/www.profem.at\/en\/wp-json\/wp\/v2\/media?parent=169"}],"curies":[{"name":"wp","href":"https:\/\/api.w.org\/{rel}","templated":true}]}}