{"id":292,"date":"2022-03-26T16:33:44","date_gmt":"2022-03-26T15:33:44","guid":{"rendered":"https:\/\/www.profem.at\/?page_id=292"},"modified":"2022-03-26T16:34:23","modified_gmt":"2022-03-26T15:34:23","slug":"datenschutz","status":"publish","type":"page","link":"https:\/\/www.profem.at\/de\/datenschutz\/","title":{"rendered":"Datenschutzerkl\u00e4rung"},"content":{"rendered":"\t\t<div data-elementor-type=\"wp-page\" data-elementor-id=\"292\" class=\"elementor elementor-292\" data-elementor-post-type=\"page\">\n\t\t\t\t\t\t<section class=\"elementor-section elementor-top-section elementor-element elementor-element-3c9de2d elementor-section-boxed elementor-section-height-default elementor-section-height-default\" data-id=\"3c9de2d\" data-element_type=\"section\" data-e-type=\"section\" data-settings=\"{&quot;jet_parallax_layout_list&quot;:[]}\">\n\t\t\t\t\t\t<div class=\"elementor-container elementor-column-gap-default\">\n\t\t\t\t\t<div class=\"elementor-column elementor-col-100 elementor-top-column elementor-element elementor-element-120e6b3\" data-id=\"120e6b3\" data-element_type=\"column\" data-e-type=\"column\">\n\t\t\t<div class=\"elementor-widget-wrap elementor-element-populated\">\n\t\t\t\t\t\t<div class=\"elementor-element elementor-element-198dff6 elementor-widget elementor-widget-text-editor\" data-id=\"198dff6\" data-element_type=\"widget\" data-e-type=\"widget\" data-widget_type=\"text-editor.default\">\n\t\t\t\t\t\t\t\t\t<p>Der Schutz Ihrer pers\u00f6nlichen Daten ist uns ein besonderes Anliegen. Wir verarbeiten Ihre Daten daher ausschlie\u00dflich auf Grundlage der gesetzlichen Bestimmungen (DSG 2018, DSGVO, TKG 2003). In diesen Datenschutzinformationen informieren wir Sie \u00fcber die wichtigsten Aspekte der Datenverarbeitung im Rahmen unserer Website.<\/p><p>Bitte lesen Sie diese Erkl\u00e4rung sorgf\u00e4ltig, da hier erl\u00e4utert wird, wie wir Ihre personenbezogenen Daten sammeln, verarbeiten bzw. speichern. Jeder Zugriff auf unsere Website und jeder Abruf einer auf dieser hinterlegten Datei wird protokolliert. Die Speicherung dient internen systembezogenen und statistischen Zwecken. Protokolliert werden: Name der abgerufenen Datei, Datum, Uhrzeit des Abrufs, \u00fcbertragene Datenmenge, Meldung \u00fcber erfolgreichen Abruf, Webbrowser, anfragende Domain, IP Adresse des anfragenden Computer, Suchw\u00f6rter, (\u2026)*. Wir verarbeiten und speichern s\u00e4mtliche personenbezogenen Daten, die Sie uns im Rahmen von E-Mail-Anfragen \u00fcbermitteln (z.B. Name, Adresse, E-Mail-Adresse, Telefonnummer, etc.) zur Durchf\u00fchrung der von Ihnen gew\u00fcnschten Kontaktaufnahme sowie zur weiteren Pflege von Kundenbeziehungen. Diese Daten werden bis auf Ihren schriftlichen Antrag zur L\u00f6schung bei uns gespeichert.<\/p><p>Weitergehende personenbezogene Daten werden nur dann erfasst, wenn Sie Angaben freiwillig, im Rahmen einer Anfrage oder Registrierung oder zum Abschluss eines Vertrages oder \u00fcber die Einstellungen ihres Browsers t\u00e4tigen. Sollten wir Daten an externe Dienstleister weitergeben, so werden angemessene technische und organisatorische Ma\u00dfnahmen ergriffen, die gew\u00e4hrleisten, dass die Weitergabe im Einklang mit den gesetzlichen Bestimmungen des Datenschutzes erfolgt.<\/p><ol><li><strong>KONTAKT MIT UNS<\/strong><ol><li>Bei der Kontaktaufnahme mittels E-Mail werden die Angaben des Nutzers zwecks Bearbeitung der Anfrage sowie f\u00fcr den Fall, dass Anschlussfragen entstehen, gespeichert.<\/li><li>Wenn Sie uns eine Mitteilung \u00fcber ein Kontaktformular unserer Webseite zusenden, erhalten wir Ihre Nachricht als E-Mail. Dabei ist die Angabe personenbezogener Daten in Form einer E-Mail-Adresse, Ihres Namens und ggf. einer Telefonnummer erforderlich, damit wir wissen, von wem die Anfrage stammt und damit wir Ihre Anfrage beantworten k\u00f6nnen. Weitere personenbezogene Daten k\u00f6nnen ggf. freiwillig mitgeteilt werden.<\/li><li>Rechtsgrundlage f\u00fcr die Datenverarbeitung ist Art. 6 Abs. 1 lit. a DSGVO, \u00a7 95 TKG. Die personenbezogenen Daten nutzen wir zur Beantwortung Ihres Anliegens und (sofern Sie das w\u00fcnschen) auch zur Anbahnung eines Vertrags.<\/li><li>Diese Daten geben wir nicht ohne Ihre Einwilligung weiter, au\u00dfer dies ist zur Vertragserf\u00fcllung bzw. zur Durchf\u00fchrung vorvertraglicher Ma\u00dfnahmen erforderlich. Ohne diese Daten k\u00f6nnen wir den Vertrag mit Ihnen n\u00e4mlich nicht abschlie\u00dfen. Dies betrifft insbesondere auch Bewerbungen \u00fcber die E-Mail-Adressen.<\/li><\/ol><\/li><li><strong>ZUGRIFFSDATEN\/ SERVER-LOGFILES<\/strong><ol><li>Der Anbieter (bzw. sein Webspace-Provider) erhebt Daten \u00fcber die Zugriffe auf die Website (sogenannte Serverlogfiles). Zu den Zugriffsdaten geh\u00f6ren: Name der abgerufenen Website, Datei, Datum und Uhrzeit des Abrufs, \u00fcbertragene Datenmenge, Meldung \u00fcber erfolgreichen Abruf, Browsertyp nebst Version, das Betriebssystem des Nutzers, Referrer URL (die zuvor besuchte Website), IP-Adresse und der anfragende Provider.<\/li><li>Der Anbieter verwendet die Protokolldaten nur f\u00fcr statistische Auswertungen zum Zweck des Betriebs, der Sicherheit und der Optimierung der Website. Der Anbieter beh\u00e4lt sich jedoch vor, die Protokolldaten nachtr\u00e4glich zu \u00fcberpr\u00fcfen, wenn aufgrund konkreter Anhaltspunkte der berechtigte Verdacht einer rechtswidrigen Nutzung besteht.<\/li><\/ol><\/li><li><strong>UMGANG MIT PERSONENBEZOGENEN DATEN<\/strong><ol><li>Wir erheben und speichern automatisch in unseren Server Log Files Informationen, die Ihr Browser an uns \u00fcbermittelt. Dies sind: Browsertyp\/-version verwendetes Betriebssystem Referrer URL (die zuvor besuchte Seite), Hostname des zugreifenden Rechners (IP Adresse) Uhrzeit der Serveranfrage. Diese Daten sind f\u00fcr den Anbieter nicht bestimmten Personen zuordenbar. Eine Zusammenf\u00fchrung dieser Daten mit anderen Datenquellen wird nicht vorgenommen, die Daten werden zudem nur f\u00fcr statistische Auswertungen genutzt.<\/li><li>Personenbezogene Daten werden von dem Anbieter nur dann erhoben, genutzt und weitergegeben, wenn dies gesetzlich erlaubt ist oder die Nutzer in die Datenerhebung einwilligen.<\/li><\/ol><\/li><li><strong>COOKIES<\/strong><ol><li>Wir weisen darauf hin, dass wir im Rahmen des Besuchs unserer Website zu Werbe- und Kommunikationszwecken, zur Durchf\u00fchrung der Anmeldung (bzw. Registrierung), Anfrage und zur SPAM-Vermeidung, Cookies einsetzen (siehe auch\u00a0<a href=\"http:\/\/www.allaboutcookies.org\/ge\/\" target=\"_blank\" rel=\"noopener\">http:\/\/www.allaboutcookies.org\/ge\/<\/a>). Dabei handelt es sich um kleine Textdateien, die mit Hilfe des Browsers auf Ihrem Endger\u00e4t abgelegt werden. Wir nutzen Cookies dazu, unser Angebot nutzerfreundlich zu gestalten. Einige Cookies bleiben auf Ihrem Endger\u00e4t gespeichert, bis Sie diese l\u00f6schen. Sie erm\u00f6glichen es uns, Ihren Browser beim n\u00e4chsten Besuch wiederzuerkennen.<\/li><li>Wenn Sie dies nicht w\u00fcnschen, so k\u00f6nnen Sie Ihren Browser so einrichten, dass er Sie \u00fcber das Setzen von Cookies informiert und Sie dies nur im Einzelfall erlauben. Bei der Deaktivierung von Cookies kann die Funktionalit\u00e4t unserer Website eingeschr\u00e4nkt sein.<\/li><li>Sitzungs-Cookie (lokal): Es handelt sich um einen technischen Cookie mit einer Speicherfunktion der Handlungen des Benutzers innerhalb einer Webseite. Dieser wird beim Verlassen der Webseite gel\u00f6scht.<\/li><li>Wie k\u00f6nnen Cookies deaktiviert, gel\u00f6scht oder blockiert werden: Die besuchte Website erm\u00f6glicht die einzelnen Cookies, mit den hier folgend illustrierten Modalit\u00e4ten, anzuhaken\/abzuhaken, jedoch mit dem Hinweis, dass im Falle einer Deaktivierung die vollst\u00e4ndige Nutzung der Webseite nicht mehr garantiert werden kann.<br \/><strong>Firefox:<\/strong><br \/>\u00d6ffnen Sie den Firefox Browser.<br \/>Dr\u00fccken Sie die \u201eAlt\u201c Taste auf Ihrer Tastatur.<br \/>W\u00e4hlen Sie \u201eMen\u00fc\u201c und dann \u201eOptionen\u201c in Ihrer Funktionsleiste.<br \/>W\u00e4hlen Sie den Reiter \u201ePrivatsph\u00e4re\u201c aus.<br \/>W\u00e4hlen Sie f\u00fcr \u201eFirefox wird eine Chronik:\u201c \u201enach benutzerdefinierten Einstellungen anlegen\u201c aus.<br \/>Entfernen Sie die Markierung \u201eCookies akzeptieren\u201c und speichern Sie Ihre Einstellungen.<br \/><strong>Internet Explorer:<\/strong><br \/>\u00d6ffnen Sie den Internet Explorer.<br \/>Klicken Sie auf die Schaltfl\u00e4che \u201eExtras\u201c und dann auf \u201eInternetoptionen\u201c.<br \/>Klicken Sie auf die Registerkarte \u201eDatenschutz\u201c.<br \/>Im Reiter \u201eCookies\u201c k\u00f6nnen Sie die Markierung entfernen und Ihre Einstellungen speichern.<br \/><strong>Google Chrome:<\/strong><br \/>\u00d6ffnen Sie Google Chrome.<br \/>W\u00e4hlen Sie \u201cEinstellungen\u201d aus.<br \/>Klicken Sie auf \u201cErweiterte Einstellungen anzeigen\u201d.<br \/>Klicken Sie im Reiter \u201eDatenschutz\u201c auf \u201eInhaltseinstellungen\u201c.<br \/>Im Abschnitt \u201eCookies\u201c k\u00f6nnen Sie diese deaktivieren und Ihre Einstellungen speichern.<br \/><strong>Safari:<\/strong><br \/>\u00d6ffnen Sie Safari.<br \/>W\u00e4hlen Sie \u201eEinstellungen\u201c in der Funktionsliste (graues Zahnrad in der oberen, rechten Ecke) und klicken Sie auf \u201ePrivatsph\u00e4re\u201c.<br \/>Unter \u201eCookies akzeptieren\u201c k\u00f6nnen Sie spezifizieren ob und wann Safari Cookies von Websites akzeptieren soll. F\u00fcr mehr Informationen klicken Sie auf Hilfe (?).<br \/>Wenn Sie mehr \u00fcber die Cookies erfahren m\u00f6chten, die auf Ihrem Computer gespeichert werden, dann klicken Sie auf \u201eCookies anzeigen\u201c.<\/li><\/ol><\/li><li><strong>GOOGLE ANALYTICS<\/strong><ol><li>Unsere Website verwendet Funktionen des Webanalysedienstes Google Analytics, einen Webanalysedienst der\u00a0<em>Google Inc. (\u201cGoogle\u201d) in den USA, 1600 Amphitheatre Parkway Mountain View, CA 94043.\u00a0<\/em>Dazu werden Cookies verwendet, die eine Analyse der Benutzung der Website durch Ihre Benutzer erm\u00f6glicht. Die dadurch erzeugten Informationen werden auf den Server des Anbieters \u00fcbertragen und dort gespeichert. Mehr Informationen zum Umgang mit Nutzerdaten bei Google Analytics finden Sie in der Datenschutzerkl\u00e4rung von Google unter dem folgenden Link\u00a0<a href=\"https:\/\/support.google.com\/analytics\/answer\/6004245?hl=de\" target=\"_blank\" rel=\"noopener\">https:\/\/support.google.com\/analytics\/answer\/6004245?hl=de<\/a>.<\/li><li>Auch wird Google diese Informationen gegebenenfalls an Dritte \u00fcbertragen, sofern dies gesetzlich vorgeschrieben oder soweit Dritte diese Daten im Auftrag von Google verarbeiten. Google wird in keinem Fall Ihre IP-Adresse mit anderen Daten in Verbindung bringen. Sie k\u00f6nnen die Installation der Cookies durch eine entsprechende Einstellung Ihrer Browser Software verhindern. M\u00f6glicherweise k\u00f6nnen Sie in diesem Fall nicht mehr s\u00e4mtliche Funktionen dieser Website voll umf\u00e4nglich nutzen. Durch die Nutzung dieser Website erkl\u00e4ren Sie sich mit der Bearbeitung der \u00fcber Sie erhobenen Daten durch Google in der zuvor beschriebenen Art und Weise und zu dem zuvor benannten Zweck einverstanden.<\/li><li>Falls Sie nicht w\u00fcnschen, dass Ihre anonymisierten Daten f\u00fcr die Website-Analyse verwendet werden, finden Sie hier ein Tool zur Deaktivierung:\u00a0<a href=\"https:\/\/tools.google.com\/dlpage\/gaoptout\/\" target=\"_blank\" rel=\"noopener\">https:\/\/tools.google.com\/dlpage\/gaoptout\/<\/a>.<\/li><li>Die Verarbeitung Ihrer Daten erfolgt hier aufgrund unseres berechtigten Interesses oder dem eines Dritten f\u00fcr den Zweck der Homepages und der Verbesserung unserer Services. Die Beziehung zum Webanalyseanbieter basiert auf einem Angemessenheitsbeschluss der Europ\u00e4ischen Kommission (im Fall der USA: \u201ePrivacy Shield\u201c).<\/li><li>Die Datenverarbeitung erfolgt weiters auf Basis der gesetzlichen Bestimmungen des \u00a7 96 Abs 3 TKG sowie des Art 6 Abs 1 lit f (berechtigtes Interesse) der DSGVO. Unser Anliegen im Sinne der DSGVO (berechtigtes Interesse) ist die Verbesserung unseres Angebotes und unseres Webauftritts.<\/li><\/ol><\/li><li><strong>IHRE RECHTE<\/strong><ol><li>Ihnen stehen grunds\u00e4tzlich die Rechte auf Auskunft, Berichtigung, L\u00f6schung, Einschr\u00e4nkung, Daten\u00fcbertragbarkeit, Widerruf und Widerspruch zu. Wenn Sie der Meinung sind, dass die Verarbeitung Ihrer Daten gegen das geltende Datenschutzrecht verst\u00f6\u00dft oder Ihre datenschutzrechtlichen Anspr\u00fcche sonst in einer Weise verletzt worden sind, k\u00f6nnen Sie sich jederzeit bei der Aufsichtsbeh\u00f6rde beschweren. In \u00d6sterreich ist dies die Datenschutzbeh\u00f6rde:<br \/>Wickenburggasse 8-10, 1080 Wien<br \/>Telefon: +43 1 531 15-202525,<br \/>Telefax: +43 1 531 15-202690<br \/>E: dsb@dsb.gv.at<br \/>W:\u00a0<a href=\"http:\/\/www.dsb.gv.at\/\" target=\"_blank\" rel=\"noopener\">http:\/\/www.dsb.gv.at\/<\/a><\/li><\/ol><\/li><li><strong>KONTAKT<\/strong><ol><li>F\u00fcr Rechte nach dem vorangehenden Punkt erreichen Sie uns unter den angegebenen Kontaktdaten im Impressum unserer Website.<\/li><\/ol><\/li><li><strong>SONSTIGES<\/strong><ol><li>Da wir die Daten auch in unseren berechtigten Interessen verarbeiten, haben Sie grunds\u00e4tzlich ein Widerspruchsrecht, wenn bei Ihnen Gr\u00fcnde vorliegen, die sich aus Ihrer besonderen Situation ergeben, die gegen diese Verarbeitung sprechen.<\/li><\/ol><\/li><\/ol>\t\t\t\t\t\t\t\t<\/div>\n\t\t\t\t\t<\/div>\n\t\t<\/div>\n\t\t\t\t\t<\/div>\n\t\t<\/section>\n\t\t\t\t<\/div>\n\t\t","protected":false},"excerpt":{"rendered":"<p>Der Schutz Ihrer pers\u00f6nlichen Daten ist uns ein besonderes Anliegen. Wir verarbeiten Ihre Daten daher ausschlie\u00dflich auf Grundlage der gesetzlichen Bestimmungen (DSG 2018, DSGVO, TKG 2003). In diesen Datenschutzinformationen informieren wir Sie \u00fcber die wichtigsten Aspekte der Datenverarbeitung im Rahmen unserer Website. Bitte lesen Sie diese Erkl\u00e4rung sorgf\u00e4ltig, da hier erl\u00e4utert wird, wie wir Ihre [&hellip;]<\/p>\n","protected":false},"author":1,"featured_media":0,"parent":0,"menu_order":0,"comment_status":"closed","ping_status":"closed","template":"","meta":{"footnotes":""},"class_list":["post-292","page","type-page","status-publish","hentry"],"_links":{"self":[{"href":"https:\/\/www.profem.at\/de\/wp-json\/wp\/v2\/pages\/292","targetHints":{"allow":["GET"]}}],"collection":[{"href":"https:\/\/www.profem.at\/de\/wp-json\/wp\/v2\/pages"}],"about":[{"href":"https:\/\/www.profem.at\/de\/wp-json\/wp\/v2\/types\/page"}],"author":[{"embeddable":true,"href":"https:\/\/www.profem.at\/de\/wp-json\/wp\/v2\/users\/1"}],"replies":[{"embeddable":true,"href":"https:\/\/www.profem.at\/de\/wp-json\/wp\/v2\/comments?post=292"}],"version-history":[{"count":0,"href":"https:\/\/www.profem.at\/de\/wp-json\/wp\/v2\/pages\/292\/revisions"}],"wp:attachment":[{"href":"https:\/\/www.profem.at\/de\/wp-json\/wp\/v2\/media?parent=292"}],"curies":[{"name":"wp","href":"https:\/\/api.w.org\/{rel}","templated":true}]}}